{"id":11,"date":"2022-06-01T13:53:57","date_gmt":"2022-06-01T13:53:57","guid":{"rendered":"https:\/\/notarkammer-kassel.de\/?page_id=11"},"modified":"2025-12-18T16:30:48","modified_gmt":"2025-12-18T16:30:48","slug":"startseite","status":"publish","type":"page","link":"https:\/\/notarkammer-kassel.de\/","title":{"rendered":"Startseite"},"content":{"rendered":"\n<div class=\"wp-block-cover alignfull is-light\" style=\"min-height:328px;aspect-ratio:unset;\"><img loading=\"lazy\" decoding=\"async\" width=\"1024\" height=\"226\" class=\"wp-block-cover__image-background wp-image-398 size-large\" alt=\"\" src=\"https:\/\/notarkammer-kassel.de\/wp-content\/uploads\/2025\/12\/Siegel2-1024x226.jpg\" data-object-fit=\"cover\" srcset=\"https:\/\/notarkammer-kassel.de\/wp-content\/uploads\/2025\/12\/Siegel2-1024x226.jpg 1024w, https:\/\/notarkammer-kassel.de\/wp-content\/uploads\/2025\/12\/Siegel2-300x66.jpg 300w, https:\/\/notarkammer-kassel.de\/wp-content\/uploads\/2025\/12\/Siegel2-768x170.jpg 768w, https:\/\/notarkammer-kassel.de\/wp-content\/uploads\/2025\/12\/Siegel2-1536x339.jpg 1536w, https:\/\/notarkammer-kassel.de\/wp-content\/uploads\/2025\/12\/Siegel2-2048x452.jpg 2048w\" sizes=\"auto, (max-width: 1024px) 100vw, 1024px\" \/><span aria-hidden=\"true\" class=\"wp-block-cover__background has-background-dim-0 has-background-dim\" style=\"background-color:#c8a59f\"><\/span><div class=\"wp-block-cover__inner-container is-layout-flow wp-block-cover-is-layout-flow\">\n<p class=\"has-text-align-center has-large-font-size\"><\/p>\n<\/div><\/div>\n\n\n\n<div style=\"height:66px\" aria-hidden=\"true\" class=\"wp-block-spacer\"><\/div>\n\n\n\n<h2 class=\"wp-block-heading has-neve-link-color-color has-text-color\"><strong>Die Notarkammer Kassel begr\u00fc\u00dft Sie auf ihrer Homepage.<\/strong>&nbsp;<\/h2>\n\n\n\n<p>Hier finden Sie Informationen \u00fcber die Notarkammer Kassel und das Amt der Notarin bzw. des Notars. \u00dcber den \u201eNotarsuchservice\u201c haben Sie zudem bei Bedarf die M\u00f6glichkeit, eine Notarin oder einen Notar in Ihrer N\u00e4he zu suchen.<\/p>\n\n\n\n<div style=\"height:40px\" aria-hidden=\"true\" class=\"wp-block-spacer\"><\/div>\n","protected":false},"excerpt":{"rendered":"<p>Die Notarkammer Kassel begr\u00fc\u00dft Sie auf ihrer Homepage.&nbsp; Hier finden Sie Informationen \u00fcber die Notarkammer Kassel und das Amt der Notarin bzw. des Notars. \u00dcber den \u201eNotarsuchservice\u201c haben Sie zudem bei Bedarf die M\u00f6glichkeit, eine Notarin oder einen Notar in Ihrer N\u00e4he zu suchen.<\/p>\n","protected":false},"author":1,"featured_media":0,"parent":0,"menu_order":0,"comment_status":"closed","ping_status":"closed","template":"","meta":{"neve_meta_sidebar":"","neve_meta_container":"","neve_meta_enable_content_width":"","neve_meta_content_width":0,"neve_meta_title_alignment":"","neve_meta_author_avatar":"","neve_post_elements_order":"","neve_meta_disable_header":"","neve_meta_disable_footer":"","neve_meta_disable_title":"on","_themeisle_gutenberg_block_has_review":false,"footnotes":""},"class_list":["post-11","page","type-page","status-publish","hentry"],"_links":{"self":[{"href":"https:\/\/notarkammer-kassel.de\/index.php\/wp-json\/wp\/v2\/pages\/11","targetHints":{"allow":["GET"]}}],"collection":[{"href":"https:\/\/notarkammer-kassel.de\/index.php\/wp-json\/wp\/v2\/pages"}],"about":[{"href":"https:\/\/notarkammer-kassel.de\/index.php\/wp-json\/wp\/v2\/types\/page"}],"author":[{"embeddable":true,"href":"https:\/\/notarkammer-kassel.de\/index.php\/wp-json\/wp\/v2\/users\/1"}],"replies":[{"embeddable":true,"href":"https:\/\/notarkammer-kassel.de\/index.php\/wp-json\/wp\/v2\/comments?post=11"}],"version-history":[{"count":23,"href":"https:\/\/notarkammer-kassel.de\/index.php\/wp-json\/wp\/v2\/pages\/11\/revisions"}],"predecessor-version":[{"id":399,"href":"https:\/\/notarkammer-kassel.de\/index.php\/wp-json\/wp\/v2\/pages\/11\/revisions\/399"}],"wp:attachment":[{"href":"https:\/\/notarkammer-kassel.de\/index.php\/wp-json\/wp\/v2\/media?parent=11"}],"curies":[{"name":"wp","href":"https:\/\/api.w.org\/{rel}","templated":true}]}}