{"id":23,"date":"2022-06-14T12:37:03","date_gmt":"2022-06-14T12:37:03","guid":{"rendered":"https:\/\/notarkammer-kassel.de\/?page_id=23"},"modified":"2026-02-09T15:36:54","modified_gmt":"2026-02-09T15:36:54","slug":"praesidium-vorstand-und-geschaeftsfuehrung","status":"publish","type":"page","link":"https:\/\/notarkammer-kassel.de\/index.php\/praesidium-vorstand-und-geschaeftsfuehrung\/","title":{"rendered":"Pr\u00e4sidium \/ Vorstand und Gesch\u00e4ftsf\u00fchrung"},"content":{"rendered":"\n<p>Der Vorstand setzt sich aus neun ehrenamtlich t\u00e4tigen Vorstandsmitgliedern zusammen.<\/p>\n\n\n\n<p><strong>Pr\u00e4sidium<\/strong><\/p>\n\n\n\n<figure class=\"wp-block-table is-style-stripes\"><table><tbody><tr><td><strong>Pr\u00e4sident:<\/strong><\/td><td>Rechtsanwalt und Notar Dr. Dietmar Ricke, Marburg<\/td><\/tr><tr><td><strong>Vizepr\u00e4sident:<\/strong><\/td><td>Rechtsanwalt und Notar Jens Moldenhauer, Kassel<\/td><\/tr><tr><td><strong>Schatzmeister:<\/strong><\/td><td>Rechtsanwalt und Notar Dr. Matthias Braun, Marburg<\/td><\/tr><tr><td><strong>Schriftf\u00fchrer:<\/strong><\/td><td>Rechtsanwalt und Notar Carsten Lenz, Bad Hersfeld<\/td><\/tr><\/tbody><\/table><\/figure>\n\n\n\n<p><strong>Weitere Vorstandsmitglieder sowie Ehrenpr\u00e4sident:<\/strong><\/p>\n\n\n\n<figure class=\"wp-block-table is-style-stripes\"><table><tbody><tr><td><\/td><td>Rechtsanwalt und Notar C. Tobias Buus, Fulda<\/td><\/tr><tr><td><\/td><td>Rechtsanw\u00e4ltin und Notarin&nbsp;Katharina Cohnen, Bad Hersfeld<\/td><\/tr><tr><td><\/td><td>Rechtsanw\u00e4ltin und Notarin Annika Hergesell, Baunatal<\/td><\/tr><tr><td><\/td><td>Rechtsanwalt und Notar Stephan Keil, Kassel<\/td><\/tr><tr><td><\/td><td>Rechtsanw\u00e4ltin und Notarin Dr. Eva Marie Lischka, Kirchhain<\/td><\/tr><tr><td><strong>Ehrenpr\u00e4sident<\/strong>:<\/td><td>Rechtsanwalt und Notar a.D. Wolf Nottelmann, Kassel<\/td><\/tr><\/tbody><\/table><\/figure>\n\n\n\n<p><strong>Gesch\u00e4ftsf\u00fchrerin:<\/strong><\/p>\n\n\n\n<figure class=\"wp-block-table is-style-stripes\"><table><tbody><tr><td><\/td><td>Rechtsanw\u00e4ltin Silvia Morancho-Drastik, Kassel<\/td><\/tr><\/tbody><\/table><\/figure>\n\n\n\n<p><\/p>\n","protected":false},"excerpt":{"rendered":"<p>Der Vorstand setzt sich aus neun ehrenamtlich t\u00e4tigen Vorstandsmitgliedern zusammen. Pr\u00e4sidium Pr\u00e4sident: Rechtsanwalt und Notar Dr. Dietmar Ricke, Marburg Vizepr\u00e4sident: Rechtsanwalt und Notar Jens Moldenhauer, Kassel Schatzmeister: Rechtsanwalt und Notar Dr. Matthias Braun, Marburg Schriftf\u00fchrer: Rechtsanwalt und Notar Carsten Lenz, Bad Hersfeld Weitere Vorstandsmitglieder sowie Ehrenpr\u00e4sident: Rechtsanwalt und Notar C. Tobias Buus, Fulda Rechtsanw\u00e4ltin und&hellip;&nbsp;<a href=\"https:\/\/notarkammer-kassel.de\/index.php\/praesidium-vorstand-und-geschaeftsfuehrung\/\" rel=\"bookmark\">Weiterlesen &raquo;<span class=\"screen-reader-text\">Pr\u00e4sidium \/ Vorstand und Gesch\u00e4ftsf\u00fchrung<\/span><\/a><\/p>\n","protected":false},"author":1,"featured_media":0,"parent":0,"menu_order":0,"comment_status":"closed","ping_status":"closed","template":"","meta":{"neve_meta_sidebar":"","neve_meta_container":"","neve_meta_enable_content_width":"","neve_meta_content_width":0,"neve_meta_title_alignment":"","neve_meta_author_avatar":"","neve_post_elements_order":"","neve_meta_disable_header":"","neve_meta_disable_footer":"","neve_meta_disable_title":"","_themeisle_gutenberg_block_has_review":false,"footnotes":""},"class_list":["post-23","page","type-page","status-publish","hentry"],"_links":{"self":[{"href":"https:\/\/notarkammer-kassel.de\/index.php\/wp-json\/wp\/v2\/pages\/23","targetHints":{"allow":["GET"]}}],"collection":[{"href":"https:\/\/notarkammer-kassel.de\/index.php\/wp-json\/wp\/v2\/pages"}],"about":[{"href":"https:\/\/notarkammer-kassel.de\/index.php\/wp-json\/wp\/v2\/types\/page"}],"author":[{"embeddable":true,"href":"https:\/\/notarkammer-kassel.de\/index.php\/wp-json\/wp\/v2\/users\/1"}],"replies":[{"embeddable":true,"href":"https:\/\/notarkammer-kassel.de\/index.php\/wp-json\/wp\/v2\/comments?post=23"}],"version-history":[{"count":17,"href":"https:\/\/notarkammer-kassel.de\/index.php\/wp-json\/wp\/v2\/pages\/23\/revisions"}],"predecessor-version":[{"id":408,"href":"https:\/\/notarkammer-kassel.de\/index.php\/wp-json\/wp\/v2\/pages\/23\/revisions\/408"}],"wp:attachment":[{"href":"https:\/\/notarkammer-kassel.de\/index.php\/wp-json\/wp\/v2\/media?parent=23"}],"curies":[{"name":"wp","href":"https:\/\/api.w.org\/{rel}","templated":true}]}}