{"id":35,"date":"2022-06-14T12:39:02","date_gmt":"2022-06-14T12:39:02","guid":{"rendered":"https:\/\/notarkammer-kassel.de\/?page_id=35"},"modified":"2022-06-23T13:25:03","modified_gmt":"2022-06-23T13:25:03","slug":"der-notar","status":"publish","type":"page","link":"https:\/\/notarkammer-kassel.de\/index.php\/der-notar\/","title":{"rendered":"Der Notar"},"content":{"rendered":"\n<p>Der Notar ist eine Amtsperson. Er wird vom Staat ernannt und sorgt f\u00fcr die Beurkundung von Rechtsvorg\u00e4ngen, betreut den B\u00fcrger bei schwierigen und folgereichen Rechtsgesch\u00e4ften, er ber\u00e4t und belehrt die Parteien und hilft bei der Formulierung von Vertr\u00e4gen.<\/p>\n\n\n\n<p>Ein Anwaltsnotar \u00fcbt das Notaramt neben dem Anwaltsberuf aus. Er ist jedoch, wie alle Notare, zur strikten Neutralit\u00e4t und Unparteilichkeit verpflichtet. In einer Angelegenheit, in der der Anwaltsnotar in seiner Eigenschaft als Notar t\u00e4tig geworden ist, darf er nicht mehr als Rechtsanwalt auftreten. Andererseits darf er in einer Angelegenheit, die er in seiner Funktion als Rechtsanwalt begonnen hat, keine Beurkundungst\u00e4tigkeit als Notar mehr entfalten.<\/p>\n\n\n\n<p>Rechtsanw\u00e4lte k\u00f6nnen erst dann zu Notaren bestellt werden, wenn sie mindestens f\u00fcnf Jahre als Rechtsanw\u00e4lte t\u00e4tig waren. Sie verf\u00fcgen daher \u00fcber einen gro\u00dfen Erfahrungsschatz, den sie in die notarielle Vertragsgestaltung einbringen.<\/p>\n\n\n\n<p>Die relativ hohe Zahl zugelassener Anwaltsnotare garantiert den Rechtssuchenden, dass sie jederzeit schnell, einfach und bequem auf die notarielle Amtst\u00e4tigkeit zur\u00fcckgreifen k\u00f6nnen.<\/p>\n\n\n\n<p>Notare leisten einen wichtigen Beitrag zum reibungslosen Funktionieren des Gemeinwesens. Seine Urkunden beweisen auch noch nach Jahrzehnten unwiderlegbar die getroffenen Vereinbarungen. Zahlungsanspr\u00fcche aus notariellen Urkunden k\u00f6nnen sofort vollstreckt werden.<\/p>\n\n\n\n<p>Neben ihrem hohen Beweiswert kommt notariellen Urkunden aber auch eine Warnfunktion zu: Vor bedeutenden Entscheidungen wie z.B. einem Hauskauf soll der B\u00fcrger durch besondere Formvorschriften vor den Folgen \u00fcbereilten Handelns gesch\u00fctzt werden.<\/p>\n\n\n\n<p>Wo pers\u00f6nlich oder wirtschaftlich weitreichende Folgen drohen, ist der Weg zum Notar gesetzlich vorgesehen oder zumindest dringend anzuraten.<\/p>\n\n\n\n<p>Dabei geht es um:<\/p>\n\n\n\n<ul class=\"wp-block-list\"><li>Immobilien (Kauf, Schenkung, Nie\u00dfbrauch, Hypothekenbelastung, Grundschuldbestellung)<\/li><li>Ehe- und Familie (Ehevertrag, Scheidungs- und Partnervertrag, Adopiton)<\/li><li>Erbrecht (Testament und Erbvertrag, Erbschein, Nachlassverteilung etc.)<\/li><li>Gesellschaftsrecht (Gr\u00fcndung oder Umgestaltung einer Gesellschaft, Registeranmeldung, etc.)<\/li><\/ul>\n\n\n\n<p>Gegen\u00fcber Dritten ist der Notar zur Verschwiegenheit verpflichtet.<\/p>\n","protected":false},"excerpt":{"rendered":"<p>Der Notar ist eine Amtsperson. Er wird vom Staat ernannt und sorgt f\u00fcr die Beurkundung von Rechtsvorg\u00e4ngen, betreut den B\u00fcrger bei schwierigen und folgereichen Rechtsgesch\u00e4ften, er ber\u00e4t und belehrt die Parteien und hilft bei der Formulierung von Vertr\u00e4gen. Ein Anwaltsnotar \u00fcbt das Notaramt neben dem Anwaltsberuf aus. Er ist jedoch, wie alle Notare, zur strikten&hellip;&nbsp;<a href=\"https:\/\/notarkammer-kassel.de\/index.php\/der-notar\/\" rel=\"bookmark\">Weiterlesen &raquo;<span class=\"screen-reader-text\">Der Notar<\/span><\/a><\/p>\n","protected":false},"author":1,"featured_media":0,"parent":0,"menu_order":0,"comment_status":"closed","ping_status":"closed","template":"","meta":{"neve_meta_sidebar":"","neve_meta_container":"","neve_meta_enable_content_width":"","neve_meta_content_width":0,"neve_meta_title_alignment":"","neve_meta_author_avatar":"","neve_post_elements_order":"","neve_meta_disable_header":"","neve_meta_disable_footer":"","neve_meta_disable_title":"","_themeisle_gutenberg_block_has_review":false,"footnotes":""},"class_list":["post-35","page","type-page","status-publish","hentry"],"_links":{"self":[{"href":"https:\/\/notarkammer-kassel.de\/index.php\/wp-json\/wp\/v2\/pages\/35","targetHints":{"allow":["GET"]}}],"collection":[{"href":"https:\/\/notarkammer-kassel.de\/index.php\/wp-json\/wp\/v2\/pages"}],"about":[{"href":"https:\/\/notarkammer-kassel.de\/index.php\/wp-json\/wp\/v2\/types\/page"}],"author":[{"embeddable":true,"href":"https:\/\/notarkammer-kassel.de\/index.php\/wp-json\/wp\/v2\/users\/1"}],"replies":[{"embeddable":true,"href":"https:\/\/notarkammer-kassel.de\/index.php\/wp-json\/wp\/v2\/comments?post=35"}],"version-history":[{"count":3,"href":"https:\/\/notarkammer-kassel.de\/index.php\/wp-json\/wp\/v2\/pages\/35\/revisions"}],"predecessor-version":[{"id":105,"href":"https:\/\/notarkammer-kassel.de\/index.php\/wp-json\/wp\/v2\/pages\/35\/revisions\/105"}],"wp:attachment":[{"href":"https:\/\/notarkammer-kassel.de\/index.php\/wp-json\/wp\/v2\/media?parent=35"}],"curies":[{"name":"wp","href":"https:\/\/api.w.org\/{rel}","templated":true}]}}