{"id":39,"date":"2022-06-14T12:39:34","date_gmt":"2022-06-14T12:39:34","guid":{"rendered":"https:\/\/notarkammer-kassel.de\/?page_id=39"},"modified":"2024-08-06T10:16:17","modified_gmt":"2024-08-06T10:16:17","slug":"gebuehren","status":"publish","type":"page","link":"https:\/\/notarkammer-kassel.de\/index.php\/gebuehren\/","title":{"rendered":"Geb\u00fchren"},"content":{"rendered":"\n<p>Notare sind nicht nur berechtigt, sondern auch verpflichtet, f\u00fcr ihre Amtst\u00e4tigkeit die gesetzlich vorgeschriebenen Geb\u00fchren zu erheben.&nbsp;<strong>Vereinbarungen \u00fcber den Kostenanspruch des Notars (Honorarvereinbarungen) sind unwirksam.<\/strong>&nbsp;Gleichg\u00fcltig, ob sich die getroffenen Absprachen auf den Kostenanfall, den Geb\u00fchrensatz oder den Gesch\u00e4ftswert beziehen oder ob h\u00f6herer oder geringere Geb\u00fchren vereinbart werden.<\/p>\n\n\n\n<p>Die Notare sind demzufolge nicht berechtigt, die gesetzlich vorgeschriebenen Geb\u00fchren zu unterschreiten.<\/p>\n\n\n\n<p>Die freie Wahl des Notars soll nicht von der R\u00fccksicht auf einen &#8222;billigen Preis&#8220; gelenkt werden. Die H\u00f6he der Notargeb\u00fchren richtet sich ausschlie\u00dflich nach dem Wert des Gesch\u00e4ftes. Auf den Umfang der T\u00e4tigkeit des Notars kommt es nicht an.<\/p>\n\n\n\n<p>Eine Ausnahme gilt nur in den F\u00e4llen, in denen der Notar als Schlichter oder Mediator t\u00e4tig ist. Hier ist gem\u00e4\u00df \u00a7 126 GNotKG durch \u00f6ffentlich-rechtlichen Vertrag eine Verg\u00fctung zu vereinbaren.<\/p>\n","protected":false},"excerpt":{"rendered":"<p>Notare sind nicht nur berechtigt, sondern auch verpflichtet, f\u00fcr ihre Amtst\u00e4tigkeit die gesetzlich vorgeschriebenen Geb\u00fchren zu erheben.&nbsp;Vereinbarungen \u00fcber den Kostenanspruch des Notars (Honorarvereinbarungen) sind unwirksam.&nbsp;Gleichg\u00fcltig, ob sich die getroffenen Absprachen auf den Kostenanfall, den Geb\u00fchrensatz oder den Gesch\u00e4ftswert beziehen oder ob h\u00f6herer oder geringere Geb\u00fchren vereinbart werden. Die Notare sind demzufolge nicht berechtigt, die gesetzlich&hellip;&nbsp;<a href=\"https:\/\/notarkammer-kassel.de\/index.php\/gebuehren\/\" rel=\"bookmark\">Weiterlesen &raquo;<span class=\"screen-reader-text\">Geb\u00fchren<\/span><\/a><\/p>\n","protected":false},"author":1,"featured_media":0,"parent":0,"menu_order":0,"comment_status":"closed","ping_status":"closed","template":"","meta":{"neve_meta_sidebar":"","neve_meta_container":"","neve_meta_enable_content_width":"","neve_meta_content_width":0,"neve_meta_title_alignment":"","neve_meta_author_avatar":"","neve_post_elements_order":"","neve_meta_disable_header":"","neve_meta_disable_footer":"","neve_meta_disable_title":"","_themeisle_gutenberg_block_has_review":false,"footnotes":""},"class_list":["post-39","page","type-page","status-publish","hentry"],"_links":{"self":[{"href":"https:\/\/notarkammer-kassel.de\/index.php\/wp-json\/wp\/v2\/pages\/39","targetHints":{"allow":["GET"]}}],"collection":[{"href":"https:\/\/notarkammer-kassel.de\/index.php\/wp-json\/wp\/v2\/pages"}],"about":[{"href":"https:\/\/notarkammer-kassel.de\/index.php\/wp-json\/wp\/v2\/types\/page"}],"author":[{"embeddable":true,"href":"https:\/\/notarkammer-kassel.de\/index.php\/wp-json\/wp\/v2\/users\/1"}],"replies":[{"embeddable":true,"href":"https:\/\/notarkammer-kassel.de\/index.php\/wp-json\/wp\/v2\/comments?post=39"}],"version-history":[{"count":4,"href":"https:\/\/notarkammer-kassel.de\/index.php\/wp-json\/wp\/v2\/pages\/39\/revisions"}],"predecessor-version":[{"id":387,"href":"https:\/\/notarkammer-kassel.de\/index.php\/wp-json\/wp\/v2\/pages\/39\/revisions\/387"}],"wp:attachment":[{"href":"https:\/\/notarkammer-kassel.de\/index.php\/wp-json\/wp\/v2\/media?parent=39"}],"curies":[{"name":"wp","href":"https:\/\/api.w.org\/{rel}","templated":true}]}}