{"id":41,"date":"2022-06-14T12:39:50","date_gmt":"2022-06-14T12:39:50","guid":{"rendered":"https:\/\/notarkammer-kassel.de\/?page_id=41"},"modified":"2022-06-23T13:26:35","modified_gmt":"2022-06-23T13:26:35","slug":"zugang-zum-notaramt","status":"publish","type":"page","link":"https:\/\/notarkammer-kassel.de\/index.php\/zugang-zum-notaramt\/","title":{"rendered":"Zugang zum Notaramt"},"content":{"rendered":"\n<p>Seit 1991 unterliegt der Zugang zum Anwaltsnotariat Beschr\u00e4nkungen. Nicht mehr jeder Rechtsanwalt und nicht jede Rechtsanw\u00e4ltin k\u00f6nnen Notare werden. Vielmehr h\u00e4ngt die Bestellung davon ab, ob in dem Amtsgerichtsbezirk, in dem die Rechtsanw\u00e4lte zugelassen sind, Bedarf f\u00fcr die Besetzung einer Notarstelle besteht. Der Bedarf richtet sich nach der Zahl der notariellen Gesch\u00e4fte im gesamten Amtsgerichtsbezirk. Derzeit werden nur sehr wenige Notarstellen ausgeschrieben. Die Auswahl unter den Bewerbern erfolgt nach dem Prinzip der Bestenauslese. Die Bestellung zum Notar ist also keineswegs selbstverst\u00e4ndlich. Zu betonen ist daher, da\u00df diejenigen, die das Notaramt nicht verliehen bekommen, keineswegs schlechtere Rechtsanw\u00e4ltinnen oder Rechtsanw\u00e4lte sind.<\/p>\n\n\n\n<p>Der Zugang zum Anwaltsnotariat ist durch das Gesetz zur Neuregelung des Zugangs zum Anwaltsnotariat vom 02.04.2009 mit Wirkung zum 01.05.2011 neu geregelt worden. Seitdem sind f\u00fcr die Bestellung zum Anwaltsnotar das Bestehen einer notariellen Fachpr\u00fcfung sowie das Durchlaufen einer Praxisausbildung bei einem Notar zwingende Voraussetzungen. Die Pr\u00fcfung wird durch ein bei der Bundesnotarkammer eingerichtetes Pr\u00fcfungsamt abgenommen. Weitere Informationen hierzu finden sich unter&nbsp;<a href=\"http:\/\/www.pruefungsamt-bnotk.de\/\" target=\"_blank\" rel=\"noreferrer noopener\">www.pruefungsamt-bnotk.de<\/a>&nbsp;.<\/p>\n","protected":false},"excerpt":{"rendered":"<p>Seit 1991 unterliegt der Zugang zum Anwaltsnotariat Beschr\u00e4nkungen. Nicht mehr jeder Rechtsanwalt und nicht jede Rechtsanw\u00e4ltin k\u00f6nnen Notare werden. Vielmehr h\u00e4ngt die Bestellung davon ab, ob in dem Amtsgerichtsbezirk, in dem die Rechtsanw\u00e4lte zugelassen sind, Bedarf f\u00fcr die Besetzung einer Notarstelle besteht. Der Bedarf richtet sich nach der Zahl der notariellen Gesch\u00e4fte im gesamten Amtsgerichtsbezirk.&hellip;&nbsp;<a href=\"https:\/\/notarkammer-kassel.de\/index.php\/zugang-zum-notaramt\/\" rel=\"bookmark\">Weiterlesen &raquo;<span class=\"screen-reader-text\">Zugang zum Notaramt<\/span><\/a><\/p>\n","protected":false},"author":1,"featured_media":0,"parent":0,"menu_order":0,"comment_status":"closed","ping_status":"closed","template":"","meta":{"neve_meta_sidebar":"","neve_meta_container":"","neve_meta_enable_content_width":"","neve_meta_content_width":0,"neve_meta_title_alignment":"","neve_meta_author_avatar":"","neve_post_elements_order":"","neve_meta_disable_header":"","neve_meta_disable_footer":"","neve_meta_disable_title":"","_themeisle_gutenberg_block_has_review":false,"footnotes":""},"class_list":["post-41","page","type-page","status-publish","hentry"],"_links":{"self":[{"href":"https:\/\/notarkammer-kassel.de\/index.php\/wp-json\/wp\/v2\/pages\/41","targetHints":{"allow":["GET"]}}],"collection":[{"href":"https:\/\/notarkammer-kassel.de\/index.php\/wp-json\/wp\/v2\/pages"}],"about":[{"href":"https:\/\/notarkammer-kassel.de\/index.php\/wp-json\/wp\/v2\/types\/page"}],"author":[{"embeddable":true,"href":"https:\/\/notarkammer-kassel.de\/index.php\/wp-json\/wp\/v2\/users\/1"}],"replies":[{"embeddable":true,"href":"https:\/\/notarkammer-kassel.de\/index.php\/wp-json\/wp\/v2\/comments?post=41"}],"version-history":[{"count":3,"href":"https:\/\/notarkammer-kassel.de\/index.php\/wp-json\/wp\/v2\/pages\/41\/revisions"}],"predecessor-version":[{"id":111,"href":"https:\/\/notarkammer-kassel.de\/index.php\/wp-json\/wp\/v2\/pages\/41\/revisions\/111"}],"wp:attachment":[{"href":"https:\/\/notarkammer-kassel.de\/index.php\/wp-json\/wp\/v2\/media?parent=41"}],"curies":[{"name":"wp","href":"https:\/\/api.w.org\/{rel}","templated":true}]}}